{"id":974,"date":"2022-11-05T10:33:54","date_gmt":"2022-11-05T09:33:54","guid":{"rendered":"https:\/\/tesimax.de\/?page_id=974"},"modified":"2025-08-05T12:37:48","modified_gmt":"2025-08-05T10:37:48","slug":"servicepool-feuerwehr","status":"publish","type":"page","link":"https:\/\/tesimax.de\/en\/servicepool-feuerwehr\/","title":{"rendered":"Servicepool Firefighter"},"content":{"rendered":"\t\t<div data-elementor-type=\"wp-page\" data-elementor-id=\"974\" class=\"elementor elementor-974\" data-elementor-post-type=\"page\">\n\t\t\t\t\t\t<section class=\"elementor-section elementor-top-section elementor-element elementor-element-ccaacb7 elementor-section-height-min-height elementor-section-boxed elementor-section-height-default elementor-section-items-middle\" data-id=\"ccaacb7\" data-element_type=\"section\" data-e-type=\"section\" data-settings=\"{&quot;background_background&quot;:&quot;classic&quot;,&quot;background_motion_fx_motion_fx_scrolling&quot;:&quot;yes&quot;,&quot;background_motion_fx_translateY_effect&quot;:&quot;yes&quot;,&quot;background_motion_fx_translateY_speed&quot;:{&quot;unit&quot;:&quot;px&quot;,&quot;size&quot;:4,&quot;sizes&quot;:[]},&quot;background_motion_fx_translateY_affectedRange&quot;:{&quot;unit&quot;:&quot;%&quot;,&quot;size&quot;:&quot;&quot;,&quot;sizes&quot;:{&quot;start&quot;:0,&quot;end&quot;:100}},&quot;background_motion_fx_devices&quot;:[&quot;desktop&quot;,&quot;laptop&quot;,&quot;tablet_extra&quot;,&quot;tablet&quot;,&quot;mobile&quot;]}\">\n\t\t\t\t\t\t\t<div class=\"elementor-background-overlay\"><\/div>\n\t\t\t\t\t\t\t<div class=\"elementor-container elementor-column-gap-default\">\n\t\t\t\t\t<div class=\"elementor-column elementor-col-100 elementor-top-column elementor-element elementor-element-6a4f014\" data-id=\"6a4f014\" data-element_type=\"column\" data-e-type=\"column\">\n\t\t\t<div class=\"elementor-widget-wrap elementor-element-populated\">\n\t\t\t\t\t\t<div class=\"elementor-element elementor-element-d2fc08d elementor-invisible elementor-widget elementor-widget-heading\" data-id=\"d2fc08d\" data-element_type=\"widget\" data-e-type=\"widget\" data-settings=\"{&quot;_animation&quot;:&quot;fadeInDown&quot;}\" data-widget_type=\"heading.default\">\n\t\t\t\t<div class=\"elementor-widget-container\">\n\t\t\t\t\t<h1 class=\"elementor-heading-title elementor-size-default\">Servicepool Feuerwehr<\/h1>\t\t\t\t<\/div>\n\t\t\t\t<\/div>\n\t\t\t\t<div class=\"elementor-element elementor-element-340116a elementor-widget elementor-widget-elementskit-video\" data-id=\"340116a\" data-element_type=\"widget\" data-e-type=\"widget\" data-widget_type=\"elementskit-video.default\">\n\t\t\t\t<div class=\"elementor-widget-container\">\n\t\t\t\t\t<div class=\"ekit-wid-con\" >\t\t<div class=\"video-content\" data-video-player=\"[]\" data-video-setting=\"{&quot;videoVolume&quot;:&quot;horizontal&quot;,&quot;startVolume&quot;:0.8,&quot;videoType&quot;:&quot;iframe&quot;,&quot;videoClass&quot;:&quot;mfp-fade&quot;,&quot;videoStyle&quot;:&quot;popup&quot;,&quot;videoTypeName&quot;:&quot;youtube&quot;,&quot;autoplay&quot;:false,&quot;muted&quot;:false,&quot;loop&quot;:false}\">\n\t\t\t\n<a class=\"ekit_icon_button glow-ripple ekit-video-popup ekit-video-popup-btn\" href=\"https:\/\/www.youtube.com\/embed\/Z85Vmr-ohnk?feature=oembed?playlist=Z85Vmr-ohnk&amp;mute=0&amp;autoplay=0&amp;loop=no&amp;controls=0&amp;start=0&amp;end=\" aria-label=\"video-popup\">\n\t\t\t\t<i aria-hidden=\"true\" class=\"icon icon-play\"><\/i>\t\t\n\t\t\t<\/a>\n\t\t\t\t\t\t\t<div class=\"ekit-hidden-icons\" hidden aria-hidden=\"true\">\n\t\t\t\t\t<i class=\"ekit-popup-close-icon icon icon-cancel\"><\/i>\t\t\t\t<\/div>\n\t\t<\/div>\n\t\t<\/div>\t\t\t\t<\/div>\n\t\t\t\t<\/div>\n\t\t\t\t\t<\/div>\n\t\t<\/div>\n\t\t\t\t\t<\/div>\n\t\t<\/section>\n\t\t\t\t<section class=\"elementor-section elementor-top-section elementor-element elementor-element-073dc95 elementor-section-boxed elementor-section-height-default elementor-section-height-default\" data-id=\"073dc95\" data-element_type=\"section\" data-e-type=\"section\" data-settings=\"{&quot;background_background&quot;:&quot;classic&quot;}\">\n\t\t\t\t\t\t<div class=\"elementor-container elementor-column-gap-default\">\n\t\t\t\t\t<div class=\"elementor-column elementor-col-100 elementor-top-column elementor-element elementor-element-5cb5f10\" data-id=\"5cb5f10\" data-element_type=\"column\" data-e-type=\"column\">\n\t\t\t<div class=\"elementor-widget-wrap\">\n\t\t\t\t\t\t\t<\/div>\n\t\t<\/div>\n\t\t\t\t\t<\/div>\n\t\t<\/section>\n\t\t\t\t<section class=\"elementor-section elementor-top-section elementor-element elementor-element-7a8ee6f elementor-section-boxed elementor-section-height-default elementor-section-height-default\" data-id=\"7a8ee6f\" data-element_type=\"section\" data-e-type=\"section\" data-settings=\"{&quot;background_background&quot;:&quot;classic&quot;}\">\n\t\t\t\t\t\t<div class=\"elementor-container elementor-column-gap-default\">\n\t\t\t\t\t<div class=\"elementor-column elementor-col-100 elementor-top-column elementor-element elementor-element-8152846\" data-id=\"8152846\" data-element_type=\"column\" data-e-type=\"column\">\n\t\t\t<div class=\"elementor-widget-wrap elementor-element-populated\">\n\t\t\t\t\t\t<div class=\"elementor-element elementor-element-fa9ef9d elementor-invisible elementor-widget elementor-widget-heading\" data-id=\"fa9ef9d\" data-element_type=\"widget\" data-e-type=\"widget\" data-settings=\"{&quot;_animation&quot;:&quot;fadeIn&quot;}\" data-widget_type=\"heading.default\">\n\t\t\t\t<div class=\"elementor-widget-container\">\n\t\t\t\t\t<h2 class=\"elementor-heading-title elementor-size-default\">Eure Schutzkleidung (PSA) verdient den besten Service <\/h2>\t\t\t\t<\/div>\n\t\t\t\t<\/div>\n\t\t\t\t<div class=\"elementor-element elementor-element-dd00b64 elementor-invisible elementor-widget elementor-widget-text-editor\" data-id=\"dd00b64\" data-element_type=\"widget\" data-e-type=\"widget\" data-settings=\"{&quot;_animation&quot;:&quot;fadeIn&quot;}\" data-widget_type=\"text-editor.default\">\n\t\t\t\t<div class=\"elementor-widget-container\">\n\t\t\t\t\t\t\t\t\t<h5><strong>Reparaturen<\/strong><\/h5>\n<p>Stellen Sie sicher, dass die PSA (FW-Einsatzkleidung) vor der Einsendung gr\u00fcndlich gewaschen, dekontaminiert und gereinigt wurde, um eine direkte, schnelle und fachgerechte Reparatur zu gew\u00e4hrleisten. Verschmutzter Ware wird von TESIMAX erst entsprechend gereinigt und dies berechnet, bevor eine Inspektion erfolgen kann.Defekte PSA (FW-Einsatzkleidung) sollte stets fachgerecht repariert werden, um sicherzustellen, dass die Schutzausr\u00fcstung ihre Schutzfunktionen weiterhin erf\u00fcllt. Die Reparatur muss nach den geltenden Sicherheitsnormen und den Herstellerempfehlungen erfolgen. Wir empfehlen Euch alle Reparaturen direkt beim Hersteller (TESIMAX) durchf\u00fchren zu lassen oder bei einem autorisierten Servicepool Partner.<\/p>\n<p>Wenn Sie weitere Fragen haben oder Unterst\u00fctzung ben\u00f6tigen, lassen Sie es uns bitte wissen. Gerne helfen wir Ihnen weiter!<\/p>\n<h5><br><strong><\/strong><\/h5><h5><strong>Reinigung<\/strong><\/h5>\n<p>In Zusammenarbeit mit unserem autorisierten Servicepool-Partner k\u00f6nnen wir f\u00fcr Euch die Reinigung und Desinfektion der PSA (FW-Einsatzkleidung) \u00fcbernehmen. Die Reinigung umfasst:<\/p>\n<ul>\n<li>Spezielle auf die Materialien abgestimmte Waschprozesse, Waschmaschinen und -hilfsmittel.<\/li>\n<li>Professionelle Reinigung und Langzeit-Impr\u00e4gnierung von Feuerwehreinsatzbekleidung nach EN 469 und TESIMAX Hersteller-Richtlinien<\/li>\n<li>Erh\u00f6hter Langzeitschutz der PSA gegen\u00fcber Eigenw\u00e4sche oder Reinigung durch herk\u00f6mmliche W\u00e4schereien<\/li>\n<li>Zeit- und Kostenersparnis durch geringeren Personalaufwand.<\/li>\n<li>Kostentransparenz, da St\u00fcckkosten berechnet werden.<\/li>\n<li>Teileverfolgung und -dokumentation (W\u00e4schehistorie, Tr\u00e4ger, Alter, Reparaturen) mittels Dauerkennzeichnung (Patch mit Barcode).<\/li>\n<li>Optional stellen wir Ihnen Leihgarnituren zur Verf\u00fcgung.<\/li><\/ul><div><br><\/div><ul>\n<\/ul>\n<p>Um den Prozess und die R\u00fccksendung zu beschleunigen, bitten wir Sie das Formular \u201eTESIMAX SERVICE-CHECK-IN REPARATUR-SCHEIN\u201c auszuf\u00fcllen. Diesen finden Sie in der Exended-Gebrauchsanleitung der FW-Einsatzkleidung Anleitung (QR-Code).Dies erm\u00f6glicht uns, Ihre Reparatureinsendung effiziener zu bearbeiten und die notwendigen Schritte schneller einzuleiten. Bitte stellen Sie sicher, dass alle erforderlichen Informationen vollst\u00e4ndig ausgef\u00fcllt sind.<\/p>\n<p><strong>Wenn Sie das Formular ben\u00f6tigen oder Fragen dazu haben, lassen Sie es uns wissen: <a href=\"mailto:service@tesimax.de\">service@tesimax.de<\/a><\/strong><\/p>\n<p><br><\/p><p>Wenn ihr Fragen zur Auswahl der richtigen Schutzkleidung habt, stehen wir euch gerne bei einem pers\u00f6nlichen Gespr\u00e4ch zur Verf\u00fcgung. Es ist wichtig, die richtige Schutzwirkung und den Tragekomfort zu ber\u00fccksichtigen, und es ist eine gro\u00dfartige M\u00f6glichkeit, die TESIMAX Einsatz- und Dienstkleidung kennenzulernen. Wenn ihr Interesse an den aktuellen Modellreihen habt, lasst es uns wissen, und wir helfen euch gerne weiter, um die passenden Optionen f\u00fcr eure Bed\u00fcrfnisse zu findenFolgende Beratungen k\u00f6nnen angeboten werden:<\/p>\n<ul>\n<li>Richtige Auswahl der der PSA (FW-Einsatzkleidung) nach DIN EN 13688, DIN EN 469, DIN EN 11612 und DIN EN 15384 in Verbindung mit DGUV 205-014<\/li>\n<li>Technische Einweisung der PSA (FW-Einsatzkleidung) nach der Beschafung vor Ort oder Online.<\/li>\n<li>Kleiderinspektion der FW-Einsatzkleidung von TESIMAX nach Hersteller-Richtlinien (Extended Gebrauchsanleitung) auf Anfrage:\n<ul>\n<li>Stichproben-Pr\u00fcfung nach Hersteller-Richtlinie mit Pr\u00fcfzertifikat<\/li>\n<li>10 Jahrespr\u00fcfung<\/li>\n<li>Aussonderung mit Gutachten<\/li><\/ul><\/li><\/ul><div><br><\/div><div><br><\/div><ul>\n<\/ul>\n<p>F\u00fcr weitere Fragen und Termine und Ihr individuelles Angebot, bitte Mail an: <a href=\"mailto:service@tesimax.de\">service@tesimax.de<\/a>.<\/p>\t\t\t\t\t\t\t\t<\/div>\n\t\t\t\t<\/div>\n\t\t\t\t<div class=\"elementor-element elementor-element-9f6986c elementor-pagination-position-outside elementor-widget elementor-widget-image-carousel\" data-id=\"9f6986c\" data-element_type=\"widget\" data-e-type=\"widget\" data-settings=\"{&quot;slides_to_show&quot;:&quot;1&quot;,&quot;navigation&quot;:&quot;dots&quot;,&quot;autoplay&quot;:&quot;yes&quot;,&quot;pause_on_hover&quot;:&quot;yes&quot;,&quot;pause_on_interaction&quot;:&quot;yes&quot;,&quot;autoplay_speed&quot;:5000,&quot;infinite&quot;:&quot;yes&quot;,&quot;effect&quot;:&quot;slide&quot;,&quot;speed&quot;:500}\" data-widget_type=\"image-carousel.default\">\n\t\t\t\t<div class=\"elementor-widget-container\">\n\t\t\t\t\t\t\t<div class=\"elementor-image-carousel-wrapper swiper\" role=\"region\" aria-roledescription=\"carousel\" aria-label=\"Bild Karussell\" dir=\"ltr\">\n\t\t\t<div class=\"elementor-image-carousel swiper-wrapper\" aria-live=\"off\">\n\t\t\t\t\t\t\t\t<div class=\"swiper-slide\" role=\"group\" aria-roledescription=\"slide\" aria-label=\"1 von 4\"><figure class=\"swiper-slide-inner\"><img decoding=\"async\" class=\"swiper-slide-image\" src=\"https:\/\/tesimax.de\/wp-content\/uploads\/2025\/05\/DSC_2122_bearb-Kopie.jpg\" alt=\"DSC_2122_bearb Kopie\" \/><\/figure><\/div><div class=\"swiper-slide\" role=\"group\" aria-roledescription=\"slide\" aria-label=\"2 von 4\"><figure class=\"swiper-slide-inner\"><img decoding=\"async\" class=\"swiper-slide-image\" src=\"https:\/\/tesimax.de\/wp-content\/uploads\/2025\/05\/DSC_2138_bearb.jpg\" alt=\"DSC_2138_bearb\" \/><\/figure><\/div><div class=\"swiper-slide\" role=\"group\" aria-roledescription=\"slide\" aria-label=\"3 von 4\"><figure class=\"swiper-slide-inner\"><img decoding=\"async\" class=\"swiper-slide-image\" src=\"https:\/\/tesimax.de\/wp-content\/uploads\/2025\/05\/DSC_5885_bearb.jpg\" alt=\"DSC_5885_bearb\" \/><\/figure><\/div><div class=\"swiper-slide\" role=\"group\" aria-roledescription=\"slide\" aria-label=\"4 von 4\"><figure class=\"swiper-slide-inner\"><img decoding=\"async\" class=\"swiper-slide-image\" src=\"https:\/\/tesimax.de\/wp-content\/uploads\/2025\/05\/DSC_2097_bearb.jpg\" alt=\"DSC_2097_bearb\" \/><\/figure><\/div>\t\t\t<\/div>\n\t\t\t\t\t\t\t\n\t\t\t\t\t\t\t\t\t<div class=\"swiper-pagination\"><\/div>\n\t\t\t\t\t\t\t\t\t<\/div>\n\t\t\t\t\t\t<\/div>\n\t\t\t\t<\/div>\n\t\t\t\t\t<\/div>\n\t\t<\/div>\n\t\t\t\t\t<\/div>\n\t\t<\/section>\n\t\t\t\t<\/div>\n\t\t","protected":false},"excerpt":{"rendered":"<p>Servicepool Feuerwehr Eure Schutzkleidung (PSA) verdient den besten Service Reparaturen Stellen Sie sicher, dass die PSA (FW-Einsatzkleidung) vor der Einsendung gr\u00fcndlich gewaschen, dekontaminiert und gereinigt wurde, um eine direkte, schnelle und fachgerechte Reparatur zu gew\u00e4hrleisten. Verschmutzter Ware wird von TESIMAX erst entsprechend gereinigt und dies berechnet, bevor eine Inspektion erfolgen kann.Defekte PSA (FW-Einsatzkleidung) sollte stets [&hellip;]<\/p>\n","protected":false},"author":1,"featured_media":0,"parent":0,"menu_order":0,"comment_status":"closed","ping_status":"closed","template":"elementor_header_footer","meta":{"_acf_changed":false,"footnotes":""},"class_list":["post-974","page","type-page","status-publish","hentry"],"acf":[],"_links":{"self":[{"href":"https:\/\/tesimax.de\/en\/wp-json\/wp\/v2\/pages\/974","targetHints":{"allow":["GET"]}}],"collection":[{"href":"https:\/\/tesimax.de\/en\/wp-json\/wp\/v2\/pages"}],"about":[{"href":"https:\/\/tesimax.de\/en\/wp-json\/wp\/v2\/types\/page"}],"author":[{"embeddable":true,"href":"https:\/\/tesimax.de\/en\/wp-json\/wp\/v2\/users\/1"}],"replies":[{"embeddable":true,"href":"https:\/\/tesimax.de\/en\/wp-json\/wp\/v2\/comments?post=974"}],"version-history":[{"count":56,"href":"https:\/\/tesimax.de\/en\/wp-json\/wp\/v2\/pages\/974\/revisions"}],"predecessor-version":[{"id":4561,"href":"https:\/\/tesimax.de\/en\/wp-json\/wp\/v2\/pages\/974\/revisions\/4561"}],"wp:attachment":[{"href":"https:\/\/tesimax.de\/en\/wp-json\/wp\/v2\/media?parent=974"}],"curies":[{"name":"wp","href":"https:\/\/api.w.org\/{rel}","templated":true}]}}