{"id":964,"date":"2022-11-05T10:20:54","date_gmt":"2022-11-05T09:20:54","guid":{"rendered":"https:\/\/tesimax.de\/?page_id=964"},"modified":"2025-10-01T17:45:00","modified_gmt":"2025-10-01T15:45:00","slug":"chemikalienschutzanzug-servicepool","status":"publish","type":"page","link":"https:\/\/tesimax.de\/en\/chemikalienschutzanzug-servicepool\/","title":{"rendered":"Chemical protection clothing \u2013 Service Pool"},"content":{"rendered":"<div data-elementor-type=\"wp-page\" data-elementor-id=\"964\" class=\"elementor elementor-964\" data-elementor-post-type=\"page\">\n\t\t\t\t\t\t<section class=\"elementor-section elementor-top-section elementor-element elementor-element-c644c41 elementor-section-height-min-height elementor-section-boxed elementor-section-height-default elementor-section-items-middle\" data-id=\"c644c41\" data-element_type=\"section\" data-e-type=\"section\" data-settings=\"{&quot;background_background&quot;:&quot;classic&quot;}\">\n\t\t\t\t\t\t<div class=\"elementor-container elementor-column-gap-default\">\n\t\t\t\t\t<div class=\"elementor-column elementor-col-100 elementor-top-column elementor-element elementor-element-6d43887\" data-id=\"6d43887\" data-element_type=\"column\" data-e-type=\"column\">\n\t\t\t<div class=\"elementor-widget-wrap elementor-element-populated\">\n\t\t\t\t\t\t<div class=\"elementor-element elementor-element-033ab30 elementor-hidden-mobile elementor-invisible elementor-widget elementor-widget-heading\" data-id=\"033ab30\" data-element_type=\"widget\" data-e-type=\"widget\" data-settings=\"{&quot;_animation&quot;:&quot;fadeInDown&quot;}\" data-widget_type=\"heading.default\">\n\t\t\t\t<div class=\"elementor-widget-container\">\n\t\t\t\t\t<h1 class=\"elementor-heading-title elementor-size-default\">Chemical protection clothing \u2013 Service Pool<\/h1>\t\t\t\t<\/div>\n\t\t\t\t<\/div>\n\t\t\t\t<div class=\"elementor-element elementor-element-ee1abdd elementor-hidden-desktop elementor-hidden-laptop elementor-hidden-tablet_extra elementor-hidden-tablet elementor-invisible elementor-widget elementor-widget-heading\" data-id=\"ee1abdd\" data-element_type=\"widget\" data-e-type=\"widget\" data-settings=\"{&quot;_animation&quot;:&quot;fadeInDown&quot;}\" data-widget_type=\"heading.default\">\n\t\t\t\t<div class=\"elementor-widget-container\">\n\t\t\t\t\t<h1 class=\"elementor-heading-title elementor-size-default\">Chemikalien-Schutzanzug-Servicepool<\/h1>\t\t\t\t<\/div>\n\t\t\t\t<\/div>\n\t\t\t\t\t<\/div>\n\t\t<\/div>\n\t\t\t\t\t<\/div>\n\t\t<\/section>\n\t\t\t\t<section class=\"elementor-section elementor-top-section elementor-element elementor-element-073dc95 elementor-section-boxed elementor-section-height-default elementor-section-height-default\" data-id=\"073dc95\" data-element_type=\"section\" data-e-type=\"section\" data-settings=\"{&quot;background_background&quot;:&quot;classic&quot;}\">\n\t\t\t\t\t\t<div class=\"elementor-container elementor-column-gap-default\">\n\t\t\t\t\t<div class=\"elementor-column elementor-col-100 elementor-top-column elementor-element elementor-element-5cb5f10\" data-id=\"5cb5f10\" data-element_type=\"column\" data-e-type=\"column\">\n\t\t\t<div class=\"elementor-widget-wrap\">\n\t\t\t\t\t\t\t<\/div>\n\t\t<\/div>\n\t\t\t\t\t<\/div>\n\t\t<\/section>\n\t\t\t\t<section class=\"elementor-section elementor-top-section elementor-element elementor-element-7a8ee6f elementor-section-boxed elementor-section-height-default elementor-section-height-default\" data-id=\"7a8ee6f\" data-element_type=\"section\" data-e-type=\"section\" data-settings=\"{&quot;background_background&quot;:&quot;classic&quot;}\">\n\t\t\t\t\t\t<div class=\"elementor-container elementor-column-gap-default\">\n\t\t\t\t\t<div class=\"elementor-column elementor-col-100 elementor-top-column elementor-element elementor-element-8152846\" data-id=\"8152846\" data-element_type=\"column\" data-e-type=\"column\">\n\t\t\t<div class=\"elementor-widget-wrap elementor-element-populated\">\n\t\t\t\t\t\t<div class=\"elementor-element elementor-element-fa9ef9d elementor-invisible elementor-widget elementor-widget-heading\" data-id=\"fa9ef9d\" data-element_type=\"widget\" data-e-type=\"widget\" data-settings=\"{&quot;_animation&quot;:&quot;fadeIn&quot;}\" data-widget_type=\"heading.default\">\n\t\t\t\t<div class=\"elementor-widget-container\">\n\t\t\t\t\t<h2 class=\"elementor-heading-title elementor-size-default\">TESIMAX CPS Service Pool<\/h2>\t\t\t\t<\/div>\n\t\t\t\t<\/div>\n\t\t\t\t<div class=\"elementor-element elementor-element-dd00b64 elementor-invisible elementor-widget elementor-widget-text-editor\" data-id=\"dd00b64\" data-element_type=\"widget\" data-e-type=\"widget\" data-settings=\"{&quot;_animation&quot;:&quot;fadeIn&quot;}\" data-widget_type=\"text-editor.default\">\n\t\t\t\t<div class=\"elementor-widget-container\">\n\t\t\t\t\t\t\t\t\t<p><strong>TESIMAX Service package guidelines<\/strong><\/p>\t\t\t\t\t\t\t\t<\/div>\n\t\t\t\t<\/div>\n\t\t\t\t<div class=\"elementor-element elementor-element-9c094c6 elementor-invisible elementor-widget elementor-widget-heading\" data-id=\"9c094c6\" data-element_type=\"widget\" data-e-type=\"widget\" data-settings=\"{&quot;_animation&quot;:&quot;fadeIn&quot;}\" data-widget_type=\"heading.default\">\n\t\t\t\t<div class=\"elementor-widget-container\">\n\t\t\t\t\t<h3 class=\"elementor-heading-title elementor-size-default\">Preconditions<\/h3>\t\t\t\t<\/div>\n\t\t\t\t<\/div>\n\t\t\t\t<div class=\"elementor-element elementor-element-f6dbca3 elementor-invisible elementor-widget elementor-widget-text-editor\" data-id=\"f6dbca3\" data-element_type=\"widget\" data-e-type=\"widget\" data-settings=\"{&quot;_animation&quot;:&quot;fadeIn&quot;}\" data-widget_type=\"text-editor.default\">\n\t\t\t\t<div class=\"elementor-widget-container\">\n\t\t\t\t\t\t\t\t\t<p>We accept protection suits only in a correctly decontaminated state. You must also tell us what hazardous materials\u00a0each suit has come in contact with.\n<br><br>\nPlease enclose a brief description of the use to which each suit (serial number\/external ID number) has been put,\u00a0what harmful substances it was exposed to and the duration of exposure.<\/p><p>The zip of the chemical protection suit must be closed immediately after preliminary decontamination and doffing.<\/p><p>The item\u2019s decontamination and preparation for transport must be carried out according to national legal regulations\u00a0by the fire brigade or the responsible authority (in Germany according to national firefighter service regulation FwDV 500).<\/p>\t\t\t\t\t\t\t\t<\/div>\n\t\t\t\t<\/div>\n\t\t\t\t<div class=\"elementor-element elementor-element-c915bd8 elementor-invisible elementor-widget elementor-widget-heading\" data-id=\"c915bd8\" data-element_type=\"widget\" data-e-type=\"widget\" data-settings=\"{&quot;_animation&quot;:&quot;fadeIn&quot;}\" data-widget_type=\"heading.default\">\n\t\t\t\t<div class=\"elementor-widget-container\">\n\t\t\t\t\t<h3 class=\"elementor-heading-title elementor-size-default\">Delivery and collection service<\/h3>\t\t\t\t<\/div>\n\t\t\t\t<\/div>\n\t\t\t\t<div class=\"elementor-element elementor-element-ada2332 elementor-invisible elementor-widget elementor-widget-text-editor\" data-id=\"ada2332\" data-element_type=\"widget\" data-e-type=\"widget\" data-settings=\"{&quot;_animation&quot;:&quot;fadeIn&quot;}\" data-widget_type=\"text-editor.default\">\n\t\t\t\t<div class=\"elementor-widget-container\">\n\t\t\t\t\t\t\t\t\t<p>You can either send your chemical protection suits to one of the two delivery points yourself or we organise collection for you anywhere in Europe within our normal business hours.<\/p><p>The conditions must be fulfilled in advance!<\/p>\t\t\t\t\t\t\t\t<\/div>\n\t\t\t\t<\/div>\n\t\t\t\t<div class=\"elementor-element elementor-element-2d2c07e elementor-invisible elementor-widget elementor-widget-heading\" data-id=\"2d2c07e\" data-element_type=\"widget\" data-e-type=\"widget\" data-settings=\"{&quot;_animation&quot;:&quot;fadeIn&quot;}\" data-widget_type=\"heading.default\">\n\t\t\t\t<div class=\"elementor-widget-container\">\n\t\t\t\t\t<h3 class=\"elementor-heading-title elementor-size-default\">Further procedure<\/h3>\t\t\t\t<\/div>\n\t\t\t\t<\/div>\n\t\t\t\t<div class=\"elementor-element elementor-element-21d46a5 elementor-invisible elementor-widget elementor-widget-text-editor\" data-id=\"21d46a5\" data-element_type=\"widget\" data-e-type=\"widget\" data-settings=\"{&quot;_animation&quot;:&quot;fadeIn&quot;}\" data-widget_type=\"text-editor.default\">\n\t\t\t\t<div class=\"elementor-widget-container\">\n\t\t\t\t\t\t\t\t\t<p>When we receive your protection suits we inspect them and draw up a cost estimate according to the prices listed on the current (annual) Service Pool flyer.<\/p><p>Once you have approved the estimate, repairs of your protection suits begin.<\/p>\t\t\t\t\t\t\t\t<\/div>\n\t\t\t\t<\/div>\n\t\t\t\t\t<\/div>\n\t\t<\/div>\n\t\t\t\t\t<\/div>\n\t\t<\/section>\n\t\t\t\t<section class=\"elementor-section elementor-top-section elementor-element elementor-element-a2b9786 elementor-section-boxed elementor-section-height-default elementor-section-height-default\" data-id=\"a2b9786\" data-element_type=\"section\" data-e-type=\"section\" data-settings=\"{&quot;background_background&quot;:&quot;classic&quot;}\">\n\t\t\t\t\t\t<div class=\"elementor-container elementor-column-gap-default\">\n\t\t\t\t\t<div class=\"elementor-column elementor-col-100 elementor-top-column elementor-element elementor-element-7d1cc7c\" data-id=\"7d1cc7c\" data-element_type=\"column\" data-e-type=\"column\">\n\t\t\t<div class=\"elementor-widget-wrap elementor-element-populated\">\n\t\t\t\t\t\t<div class=\"elementor-element elementor-element-770209b elementor-invisible elementor-widget elementor-widget-image\" data-id=\"770209b\" data-element_type=\"widget\" data-e-type=\"widget\" data-settings=\"{&quot;_animation&quot;:&quot;fadeIn&quot;}\" data-no-translation=\"\" data-widget_type=\"image.default\">\n\t\t\t\t<div class=\"elementor-widget-container\">\n\t\t\t\t\t<style>.elementor-element-770209b{display:none !important}<\/style>\t\t\t\t<\/div>\n\t\t\t\t<\/div>\n\t\t\t\t<div class=\"elementor-element elementor-element-85a6bcc elementor-invisible elementor-widget elementor-widget-image\" data-id=\"85a6bcc\" data-element_type=\"widget\" data-e-type=\"widget\" data-settings=\"{&quot;_animation&quot;:&quot;fadeIn&quot;}\" data-no-translation=\"\" data-widget_type=\"image.default\">\n\t\t\t\t<div class=\"elementor-widget-container\">\n\t\t\t\t\t\t\t\t\t\t\t\t\t\t\t<img fetchpriority=\"high\" decoding=\"async\" width=\"2560\" height=\"1345\" src=\"https:\/\/tesimax.de\/wp-content\/uploads\/2025\/10\/Service_Ablaufskizze_CSA_engl-scaled.png\" class=\"attachment-full size-full wp-image-4594\" alt=\"\" srcset=\"https:\/\/tesimax.de\/wp-content\/uploads\/2025\/10\/Service_Ablaufskizze_CSA_engl-scaled.png 2560w, https:\/\/tesimax.de\/wp-content\/uploads\/2025\/10\/Service_Ablaufskizze_CSA_engl-300x158.png 300w, https:\/\/tesimax.de\/wp-content\/uploads\/2025\/10\/Service_Ablaufskizze_CSA_engl-1024x538.png 1024w, https:\/\/tesimax.de\/wp-content\/uploads\/2025\/10\/Service_Ablaufskizze_CSA_engl-768x404.png 768w, https:\/\/tesimax.de\/wp-content\/uploads\/2025\/10\/Service_Ablaufskizze_CSA_engl-1536x807.png 1536w, https:\/\/tesimax.de\/wp-content\/uploads\/2025\/10\/Service_Ablaufskizze_CSA_engl-2048x1076.png 2048w, https:\/\/tesimax.de\/wp-content\/uploads\/2025\/10\/Service_Ablaufskizze_CSA_engl-18x9.png 18w, https:\/\/tesimax.de\/wp-content\/uploads\/2025\/10\/Service_Ablaufskizze_CSA_engl-200x105.png 200w\" sizes=\"(max-width: 2560px) 100vw, 2560px\" \/>\t\t\t\t\t\t\t\t\t\t\t\t\t\t\t<\/div>\n\t\t\t\t<\/div>\n\t\t\t\t<div class=\"elementor-element elementor-element-7c9e353 elementor-invisible elementor-widget elementor-widget-text-editor\" data-id=\"7c9e353\" data-element_type=\"widget\" data-e-type=\"widget\" data-settings=\"{&quot;_animation&quot;:&quot;fadeIn&quot;}\" data-widget_type=\"text-editor.default\">\n\t\t\t\t<div class=\"elementor-widget-container\">\n\t\t\t\t\t\t\t\t\t<p><strong>Ablauf Tesimax \u2013 Kunde<\/strong><\/p>\t\t\t\t\t\t\t\t<\/div>\n\t\t\t\t<\/div>\n\t\t\t\t<div class=\"elementor-element elementor-element-347e61b elementor-invisible elementor-widget elementor-widget-text-editor\" data-id=\"347e61b\" data-element_type=\"widget\" data-e-type=\"widget\" data-settings=\"{&quot;_animation&quot;:&quot;fadeIn&quot;}\" data-widget_type=\"text-editor.default\">\n\t\t\t\t<div class=\"elementor-widget-container\">\n\t\t\t\t\t\t\t\t\t<p class=\"small\">*es muss ein g\u00fcltiges SERVICE-Abkommen (SERVICEPOOL-FLYER) mit Tesimax vorab zustande gekommen sein.<\/p>\t\t\t\t\t\t\t\t<\/div>\n\t\t\t\t<\/div>\n\t\t\t\t<div class=\"elementor-element elementor-element-d77177d elementor-widget elementor-widget-heading\" data-id=\"d77177d\" data-element_type=\"widget\" data-e-type=\"widget\" data-widget_type=\"heading.default\">\n\t\t\t\t<div class=\"elementor-widget-container\">\n\t\t\t\t\t<h2 class=\"elementor-heading-title elementor-size-default\">For you to download:<\/h2>\t\t\t\t<\/div>\n\t\t\t\t<\/div>\n\t\t\t\t<div class=\"elementor-element elementor-element-8725dda elementor-icon-list--layout-traditional elementor-list-item-link-full_width elementor-widget elementor-widget-icon-list\" data-id=\"8725dda\" data-element_type=\"widget\" data-e-type=\"widget\" data-widget_type=\"icon-list.default\">\n\t\t\t\t<div class=\"elementor-widget-container\">\n\t\t\t\t\t\t\t<ul class=\"elementor-icon-list-items\">\n\t\t\t\t\t\t\t<li class=\"elementor-icon-list-item\">\n\t\t\t\t\t\t\t\t\t\t\t<a href=\"https:\/\/tesimax.de\/wp-content\/uploads\/2024\/05\/Tesimax_Katalog_CSA_2024_dt_Service.pdf\" target=\"_blank\">\n\n\t\t\t\t\t\t\t\t\t\t\t\t<span class=\"elementor-icon-list-icon\">\n\t\t\t\t\t\t\t<i aria-hidden=\"true\" class=\"icon icon-download1\"><\/i>\t\t\t\t\t\t<\/span>\n\t\t\t\t\t\t\t\t\t\t<span class=\"elementor-icon-list-text\">Service \/ Dienstleistungen f\u00fcr wiederverwendbare Chemikalienschutzanz\u00fcge<\/span>\n\t\t\t\t\t\t\t\t\t\t\t<\/a>\n\t\t\t\t\t\t\t\t\t<\/li>\n\t\t\t\t\t\t<\/ul>\n\t\t\t\t\t\t<\/div>\n\t\t\t\t<\/div>\n\t\t\t\t\t<\/div>\n\t\t<\/div>\n\t\t\t\t\t<\/div>\n\t\t<\/section>\n\t\t\t\t<\/div>","protected":false},"excerpt":{"rendered":"<p>Chemikalienschutzanzug-Servicepool Chemikalien-Schutzanzug-Servicepool TESIMAX CSA Service Pool TESIMAX Service-Paket Richtlinien* Voraussetzungen Voraussetzung f\u00fcr die Annahme der Schutzanz\u00fcge ist die vorherige, fachgerechte Dekontamination vor Ort durch Ihre Einsatzkr\u00e4fte sowie die Bekanntgabe der Schadstoffe, mit welchen der jeweilige Schutzanzug beaufschlagt wurde. Eine \u201ekleine Einsatzbeschreibung\u201c ist notwendig, insbesondere die Information welcher CSA (Fabrikationsnummer \/ Au\u00dfennummer- Identifikation) beaufschlagt worden ist [&hellip;]<\/p>\n","protected":false},"author":1,"featured_media":0,"parent":0,"menu_order":0,"comment_status":"closed","ping_status":"closed","template":"elementor_header_footer","meta":{"_acf_changed":false,"footnotes":""},"class_list":["post-964","page","type-page","status-publish","hentry"],"acf":[],"_links":{"self":[{"href":"https:\/\/tesimax.de\/en\/wp-json\/wp\/v2\/pages\/964","targetHints":{"allow":["GET"]}}],"collection":[{"href":"https:\/\/tesimax.de\/en\/wp-json\/wp\/v2\/pages"}],"about":[{"href":"https:\/\/tesimax.de\/en\/wp-json\/wp\/v2\/types\/page"}],"author":[{"embeddable":true,"href":"https:\/\/tesimax.de\/en\/wp-json\/wp\/v2\/users\/1"}],"replies":[{"embeddable":true,"href":"https:\/\/tesimax.de\/en\/wp-json\/wp\/v2\/comments?post=964"}],"version-history":[{"count":15,"href":"https:\/\/tesimax.de\/en\/wp-json\/wp\/v2\/pages\/964\/revisions"}],"predecessor-version":[{"id":4597,"href":"https:\/\/tesimax.de\/en\/wp-json\/wp\/v2\/pages\/964\/revisions\/4597"}],"wp:attachment":[{"href":"https:\/\/tesimax.de\/en\/wp-json\/wp\/v2\/media?parent=964"}],"curies":[{"name":"wp","href":"https:\/\/api.w.org\/{rel}","templated":true}]}}