{"id":919,"date":"2022-11-05T09:51:02","date_gmt":"2022-11-05T08:51:02","guid":{"rendered":"https:\/\/tesimax.de\/?page_id=919"},"modified":"2025-12-08T11:47:37","modified_gmt":"2025-12-08T10:47:37","slug":"karriere-bei-tesimax","status":"publish","type":"page","link":"https:\/\/tesimax.de\/en\/karriere-bei-tesimax\/","title":{"rendered":"Career"},"content":{"rendered":"\t\t<div data-elementor-type=\"wp-page\" data-elementor-id=\"919\" class=\"elementor elementor-919\" data-elementor-post-type=\"page\">\n\t\t\t\t<div class=\"elementor-element elementor-element-23eee50 e-flex e-con-boxed e-con e-parent\" data-id=\"23eee50\" data-element_type=\"container\" data-e-type=\"container\" data-settings=\"{&quot;background_background&quot;:&quot;classic&quot;}\">\n\t\t\t\t\t<div class=\"e-con-inner\">\n\t\t\t\t<div class=\"elementor-element elementor-element-7b04ba4 elementor-invisible elementor-widget elementor-widget-heading\" data-id=\"7b04ba4\" data-element_type=\"widget\" data-e-type=\"widget\" data-settings=\"{&quot;_animation&quot;:&quot;fadeInDown&quot;}\" data-widget_type=\"heading.default\">\n\t\t\t\t<div class=\"elementor-widget-container\">\n\t\t\t\t\t<h1 class=\"elementor-heading-title elementor-size-default\">Karriere<\/h1>\t\t\t\t<\/div>\n\t\t\t\t<\/div>\n\t\t\t\t\t<\/div>\n\t\t\t\t<\/div>\n\t\t<div class=\"elementor-element elementor-element-d789677 e-flex e-con-boxed e-con e-parent\" data-id=\"d789677\" data-element_type=\"container\" data-e-type=\"container\">\n\t\t\t\t\t<div class=\"e-con-inner\">\n\t\t<div class=\"elementor-element elementor-element-28dd3c8 e-con-full e-flex e-con e-child\" data-id=\"28dd3c8\" data-element_type=\"container\" data-e-type=\"container\">\n\t\t\t\t<div class=\"elementor-element elementor-element-c729631 elementor-widget elementor-widget-video\" data-id=\"c729631\" data-element_type=\"widget\" data-e-type=\"widget\" data-settings=\"{&quot;video_type&quot;:&quot;hosted&quot;,&quot;controls&quot;:&quot;yes&quot;}\" data-widget_type=\"video.default\">\n\t\t\t\t<div class=\"elementor-widget-container\">\n\t\t\t\t\t\t\t<div class=\"e-hosted-video elementor-wrapper elementor-open-inline\">\n\t\t\t\t\t<video class=\"elementor-video\" src=\"https:\/\/tesimax.de\/wp-content\/uploads\/2023\/10\/Tesimax_job-Anzeige-2023.mov\" controls=\"\" preload=\"metadata\" controlsList=\"nodownload\"><\/video>\n\t\t\t\t<\/div>\n\t\t\t\t\t\t<\/div>\n\t\t\t\t<\/div>\n\t\t\t\t<\/div>\n\t\t<div class=\"elementor-element elementor-element-03fa60d e-con-full e-flex e-con e-child\" data-id=\"03fa60d\" data-element_type=\"container\" data-e-type=\"container\">\n\t\t\t\t<div class=\"elementor-element elementor-element-150ef05 elementor-invisible elementor-widget elementor-widget-heading\" data-id=\"150ef05\" data-element_type=\"widget\" data-e-type=\"widget\" data-settings=\"{&quot;_animation&quot;:&quot;fadeIn&quot;}\" data-widget_type=\"heading.default\">\n\t\t\t\t<div class=\"elementor-widget-container\">\n\t\t\t\t\t<h2 class=\"elementor-heading-title elementor-size-default\">Jobs &amp; Karriere \u2013 Join the team<\/h2>\t\t\t\t<\/div>\n\t\t\t\t<\/div>\n\t\t\t\t<div class=\"elementor-element elementor-element-562bc7e elementor-invisible elementor-widget elementor-widget-heading\" data-id=\"562bc7e\" data-element_type=\"widget\" data-e-type=\"widget\" data-settings=\"{&quot;_animation&quot;:&quot;fadeIn&quot;}\" data-widget_type=\"heading.default\">\n\t\t\t\t<div class=\"elementor-widget-container\">\n\t\t\t\t\t<h2 class=\"elementor-heading-title elementor-size-default\">Ab sofort suchen wir<\/h2>\t\t\t\t<\/div>\n\t\t\t\t<\/div>\n\t\t\t\t<div class=\"elementor-element elementor-element-0d69fb4 elementor-widget elementor-widget-eael-adv-accordion\" data-id=\"0d69fb4\" data-element_type=\"widget\" data-e-type=\"widget\" data-widget_type=\"eael-adv-accordion.default\">\n\t\t\t\t<div class=\"elementor-widget-container\">\n\t\t\t\t\t            <div class=\"eael-adv-accordion\" id=\"eael-adv-accordion-0d69fb4\" data-scroll-on-click=\"no\" data-scroll-speed=\"300\" data-accordion-id=\"0d69fb4\" data-accordion-type=\"accordion\" data-toogle-speed=\"300\">\n            <div class=\"eael-accordion-list\">\n\t\t\t\t\t<div id=\"schneider-mwd\" class=\"elementor-tab-title eael-accordion-header\" tabindex=\"0\" data-tab=\"1\" aria-controls=\"elementor-tab-content-1401\"><span class=\"eael-accordion-tab-title\">Schneider (m\/w\/d)<\/span><i aria-hidden=\"true\" class=\"fa-toggle fas fa-angle-right\"><\/i><\/div><div id=\"elementor-tab-content-1401\" class=\"eael-accordion-content clearfix\" data-tab=\"1\" aria-labelledby=\"schneider-mwd\"><p>mit Kenntnissen und Erfahrung im Zuschnittsbereich<\/p><\/div>\n\t\t\t\t\t<\/div><\/div>\t\t\t\t<\/div>\n\t\t\t\t<\/div>\n\t\t\t\t<div class=\"elementor-element elementor-element-cd30ced elementor-widget elementor-widget-eael-adv-accordion\" data-id=\"cd30ced\" data-element_type=\"widget\" data-e-type=\"widget\" data-widget_type=\"eael-adv-accordion.default\">\n\t\t\t\t<div class=\"elementor-widget-container\">\n\t\t\t\t\t            <div class=\"eael-adv-accordion\" id=\"eael-adv-accordion-cd30ced\" data-scroll-on-click=\"no\" data-scroll-speed=\"300\" data-accordion-id=\"cd30ced\" data-accordion-type=\"accordion\" data-toogle-speed=\"300\">\n            <div class=\"eael-accordion-list\">\n\t\t\t\t\t<div id=\"produktionsmitarbeiter-mwd\" class=\"elementor-tab-title eael-accordion-header\" tabindex=\"0\" data-tab=\"1\" aria-controls=\"elementor-tab-content-2151\"><span class=\"eael-accordion-tab-title\">Produktionsmitarbeiter (m\/w\/d)\u200b<\/span><i aria-hidden=\"true\" class=\"fa-toggle fas fa-angle-right\"><\/i><\/div><div id=\"elementor-tab-content-2151\" class=\"eael-accordion-content clearfix\" data-tab=\"1\" aria-labelledby=\"produktionsmitarbeiter-mwd\"><p><strong>Ihre Aufgaben:<\/strong><\/p><p>Wir suchen Produktionsmitarbeiter f\u00fcr T\u00e4tigkeiten im Servicebereich, wie z.B. Reinigung und Wartung von Schutzanz\u00fcgen sowie Montagearbeiten.<\/p><p><strong><br \/>Ihr Profil:<\/strong><\/p><ul><li>Sie verf\u00fcgen \u00fcber gute Deutschkenntnisse\u00a0<\/li><li>Zu Ihren St\u00e4rken z\u00e4hlen Zuverl\u00e4ssigkeit, Flexibilit\u00e4t, Teamf\u00e4higkeit<\/li><li>Sie sollten handwerkliches Geschick besitzen\u00a0<br \/><br \/><strong>Wir bieten:<\/strong><\/li><\/ul><ul><li>Ein leistungsgerechtes Gehalt und Arbeiten in einem modernen Umfeld<\/li><li>Eine gr\u00fcndliche Einarbeitung, weiterf\u00fchrende interne Schulungen<\/li><li>Profitieren Sie von den Erfolgsaussichten in einem spannenden Unternehmensfeld, mit Aussicht auf einer damit verbundenen langfristigen Zusammenarbeit.<\/li><li>Hohe Jobsicherheit<\/li><li>Flexible Arbeitszeiten und attraktive Urlaubszeiten<\/li><li>Aus- und Weiterbildungen sind individuell m\u00f6glich<\/li><\/ul><\/div>\n\t\t\t\t\t<\/div><\/div>\t\t\t\t<\/div>\n\t\t\t\t<\/div>\n\t\t\t\t<div class=\"elementor-element elementor-element-2914bfd elementor-invisible elementor-widget elementor-widget-heading\" data-id=\"2914bfd\" data-element_type=\"widget\" data-e-type=\"widget\" data-settings=\"{&quot;_animation&quot;:&quot;fadeIn&quot;}\" data-widget_type=\"heading.default\">\n\t\t\t\t<div class=\"elementor-widget-container\">\n\t\t\t\t\t<h4 class=\"elementor-heading-title elementor-size-default\">Interesse?<\/h4>\t\t\t\t<\/div>\n\t\t\t\t<\/div>\n\t\t\t\t<div class=\"elementor-element elementor-element-18c10da elementor-invisible elementor-widget elementor-widget-text-editor\" data-id=\"18c10da\" data-element_type=\"widget\" data-e-type=\"widget\" data-settings=\"{&quot;_animation&quot;:&quot;fadeIn&quot;}\" data-widget_type=\"text-editor.default\">\n\t\t\t\t<div class=\"elementor-widget-container\">\n\t\t\t\t\t\t\t\t\t<p>Unser Team freut sich auf Ihre aussagekr\u00e4ftige Bewerbung mit Gehaltsvorstellung und fr\u00fchestem Eintrittstermin\u00a0 per E-mail: <a href=\"mailto:personal@tesimax.de\">personal@tesimax.de<\/a><\/p>\t\t\t\t\t\t\t\t<\/div>\n\t\t\t\t<\/div>\n\t\t\t\t<\/div>\n\t\t\t\t\t<\/div>\n\t\t\t\t<\/div>\n\t\t<div class=\"elementor-element elementor-element-f182d79 e-flex e-con-boxed e-con e-parent\" data-id=\"f182d79\" data-element_type=\"container\" data-e-type=\"container\" data-settings=\"{&quot;background_background&quot;:&quot;classic&quot;}\">\n\t\t\t\t\t<div class=\"e-con-inner\">\n\t\t<div class=\"elementor-element elementor-element-76f2051 e-con-full e-flex e-con e-child\" data-id=\"76f2051\" data-element_type=\"container\" data-e-type=\"container\">\n\t\t\t\t<div class=\"elementor-element elementor-element-6c21e33 elementor-invisible elementor-widget elementor-widget-heading\" data-id=\"6c21e33\" data-element_type=\"widget\" data-e-type=\"widget\" data-settings=\"{&quot;_animation&quot;:&quot;fadeIn&quot;}\" data-widget_type=\"heading.default\">\n\t\t\t\t<div class=\"elementor-widget-container\">\n\t\t\t\t\t<h2 class=\"elementor-heading-title elementor-size-default\">Jetzt online bewerben!<\/h2>\t\t\t\t<\/div>\n\t\t\t\t<\/div>\n\t\t\t\t<div class=\"elementor-element elementor-element-6a2cc4b elementor-widget elementor-widget-text-editor\" data-id=\"6a2cc4b\" data-element_type=\"widget\" data-e-type=\"widget\" data-widget_type=\"text-editor.default\">\n\t\t\t\t<div class=\"elementor-widget-container\">\n\t\t\t\t\t\t\t\t\t<p>Gerne k\u00f6nnen Sie auch unser Online-Bewerbungsformular nutzen! Wir freuen uns \u00fcber Ihr Interesse an unserem Unternehmen und werden uns kurzfristig mit Ihnen in Verbindung setzen.<\/p>\t\t\t\t\t\t\t\t<\/div>\n\t\t\t\t<\/div>\n\t\t\t\t<div class=\"elementor-element elementor-element-7838b35 elementor-widget elementor-widget-image\" data-id=\"7838b35\" data-element_type=\"widget\" data-e-type=\"widget\" data-widget_type=\"image.default\">\n\t\t\t\t<div class=\"elementor-widget-container\">\n\t\t\t\t\t\t\t\t\t\t\t\t\t\t\t<img fetchpriority=\"high\" decoding=\"async\" width=\"800\" height=\"600\" src=\"https:\/\/tesimax.de\/wp-content\/uploads\/2022\/11\/3x-1024x768.png\" class=\"attachment-large size-large wp-image-308\" alt=\"\" srcset=\"https:\/\/tesimax.de\/wp-content\/uploads\/2022\/11\/3x-1024x768.png 1024w, https:\/\/tesimax.de\/wp-content\/uploads\/2022\/11\/3x-300x225.png 300w, https:\/\/tesimax.de\/wp-content\/uploads\/2022\/11\/3x-768x576.png 768w, https:\/\/tesimax.de\/wp-content\/uploads\/2022\/11\/3x.png 1104w\" sizes=\"(max-width: 800px) 100vw, 800px\" \/>\t\t\t\t\t\t\t\t\t\t\t\t\t\t\t<\/div>\n\t\t\t\t<\/div>\n\t\t\t\t<\/div>\n\t\t<div class=\"elementor-element elementor-element-c91b155 e-con-full e-flex e-con e-child\" data-id=\"c91b155\" data-element_type=\"container\" data-e-type=\"container\">\n\t\t\t\t<div class=\"elementor-element elementor-element-9cac92c elementor-button-align-stretch elementor-widget elementor-widget-form\" data-id=\"9cac92c\" data-element_type=\"widget\" data-e-type=\"widget\" data-settings=\"{&quot;step_next_label&quot;:&quot;N\\u00e4chster&quot;,&quot;step_previous_label&quot;:&quot;Voriger&quot;,&quot;button_width&quot;:&quot;100&quot;,&quot;step_type&quot;:&quot;number_text&quot;,&quot;step_icon_shape&quot;:&quot;circle&quot;}\" data-widget_type=\"form.default\">\n\t\t\t\t<div class=\"elementor-widget-container\">\n\t\t\t\t\t\t\t<form class=\"elementor-form\" method=\"post\" name=\"Neues Formular\" aria-label=\"Neues Formular\">\n\t\t\t<input type=\"hidden\" name=\"post_id\" value=\"919\"\/>\n\t\t\t<input type=\"hidden\" name=\"form_id\" value=\"9cac92c\"\/>\n\t\t\t<input type=\"hidden\" name=\"referer_title\" value=\"Karriere bei Tesimax\" \/>\n\n\t\t\t\t\t\t\t<input type=\"hidden\" name=\"queried_id\" value=\"919\"\/>\n\t\t\t\n\t\t\t<div class=\"elementor-form-fields-wrapper elementor-labels-above\">\n\t\t\t\t\t\t\t\t<div class=\"elementor-field-type-text elementor-field-group elementor-column elementor-field-group-name elementor-col-50 elementor-field-required elementor-mark-required\">\n\t\t\t\t\t\t\t\t\t\t\t\t\t<input size=\"1\" type=\"text\" name=\"form_fields[name]\" id=\"form-field-name\" class=\"elementor-field elementor-size-sm  elementor-field-textual\" placeholder=\"Vorname*\" required=\"required\">\n\t\t\t\t\t\t\t\t\t\t\t<\/div>\n\t\t\t\t\t\t\t\t<div class=\"elementor-field-type-text elementor-field-group elementor-column elementor-field-group-field_814f877 elementor-col-50 elementor-field-required elementor-mark-required\">\n\t\t\t\t\t\t\t\t\t\t\t\t\t<input size=\"1\" type=\"text\" name=\"form_fields[field_814f877]\" id=\"form-field-field_814f877\" class=\"elementor-field elementor-size-sm  elementor-field-textual\" placeholder=\"Nachname*\" required=\"required\">\n\t\t\t\t\t\t\t\t\t\t\t<\/div>\n\t\t\t\t\t\t\t\t<div class=\"elementor-field-type-email elementor-field-group elementor-column elementor-field-group-email elementor-col-100 elementor-field-required elementor-mark-required\">\n\t\t\t\t\t\t\t\t\t\t\t\t\t<input size=\"1\" type=\"email\" name=\"form_fields[email]\" id=\"form-field-email\" class=\"elementor-field elementor-size-sm  elementor-field-textual\" placeholder=\"E-Mail*\" required=\"required\">\n\t\t\t\t\t\t\t\t\t\t\t<\/div>\n\t\t\t\t\t\t\t\t<div class=\"elementor-field-type-text elementor-field-group elementor-column elementor-field-group-field_da182a7 elementor-col-100\">\n\t\t\t\t\t\t\t\t\t\t\t\t\t<input size=\"1\" type=\"text\" name=\"form_fields[field_da182a7]\" id=\"form-field-field_da182a7\" class=\"elementor-field elementor-size-sm  elementor-field-textual\" placeholder=\"Telefon oder mobil*\">\n\t\t\t\t\t\t\t\t\t\t\t<\/div>\n\t\t\t\t\t\t\t\t<div class=\"elementor-field-type-date elementor-field-group elementor-column elementor-field-group-field_2deda0f elementor-col-100 elementor-field-required elementor-mark-required\">\n\t\t\t\t\t\n\t\t<input type=\"date\" name=\"form_fields[field_2deda0f]\" id=\"form-field-field_2deda0f\" class=\"elementor-field elementor-size-sm  elementor-field-textual elementor-date-field\" placeholder=\"Fr\u00fchestm\u00f6glicher Eintrittstermin*\" required=\"required\" pattern=\"[0-9]{4}-[0-9]{2}-[0-9]{2}\">\n\t\t\t\t\t\t<\/div>\n\t\t\t\t\t\t\t\t<div class=\"elementor-field-type-select elementor-field-group elementor-column elementor-field-group-field_8bd744b elementor-col-100\">\n\t\t\t\t\t\t\t\t\t\t\t\t<label for=\"form-field-field_8bd744b\" class=\"elementor-field-label\">\n\t\t\t\t\t\t\t\tSie bewerben sich als ...\t\t\t\t\t\t\t<\/label>\n\t\t\t\t\t\t\t\t<div class=\"elementor-field elementor-select-wrapper remove-before \">\n\t\t\t<div class=\"select-caret-down-wrapper\">\n\t\t\t\t<i aria-hidden=\"true\" class=\"eicon-caret-down\"><\/i>\t\t\t<\/div>\n\t\t\t<select name=\"form_fields[field_8bd744b]\" id=\"form-field-field_8bd744b\" class=\"elementor-field-textual elementor-size-sm\">\n\t\t\t\t\t\t\t\t\t<option value=\"bitte w\u00e4hlen \">bitte w\u00e4hlen <\/option>\n\t\t\t\t\t\t\t\t\t<option value=\"Verkaufsberater im Au\u00dfendienst (m\/w\/d)\">Verkaufsberater im Au\u00dfendienst (m\/w\/d)<\/option>\n\t\t\t\t\t\t\t\t\t<option value=\"Produktionsmitarbeiter (m\/w\/d)\">Produktionsmitarbeiter (m\/w\/d)<\/option>\n\t\t\t\t\t\t\t<\/select>\n\t\t<\/div>\n\t\t\t\t\t\t<\/div>\n\t\t\t\t\t\t\t\t<div class=\"elementor-field-type-upload elementor-field-group elementor-column elementor-field-group-field_97a46a1 elementor-col-100\">\n\t\t\t\t\t\t\t\t\t\t\t\t<label for=\"form-field-field_97a46a1\" class=\"elementor-field-label\">\n\t\t\t\t\t\t\t\tBewerbung(als .zip-Datei)\t\t\t\t\t\t\t<\/label>\n\t\t\t\t\t\t\t\t<input type=\"file\" name=\"form_fields[field_97a46a1]\" id=\"form-field-field_97a46a1\" class=\"elementor-field elementor-size-sm  elementor-upload-field\">\n\n\t\t\t\t\t\t<\/div>\n\t\t\t\t\t\t\t\t<div class=\"elementor-field-type-upload elementor-field-group elementor-column elementor-field-group-field_e833892 elementor-col-100\">\n\t\t\t\t\t\t\t\t\t\t\t\t<label for=\"form-field-field_e833892\" class=\"elementor-field-label\">\n\t\t\t\t\t\t\t\tLebenslauf (als .zip-Datei)\t\t\t\t\t\t\t<\/label>\n\t\t\t\t\t\t\t\t<input type=\"file\" name=\"form_fields[field_e833892]\" id=\"form-field-field_e833892\" class=\"elementor-field elementor-size-sm  elementor-upload-field\">\n\n\t\t\t\t\t\t<\/div>\n\t\t\t\t\t\t\t\t<div class=\"elementor-field-type-upload elementor-field-group elementor-column elementor-field-group-field_3c59766 elementor-col-100\">\n\t\t\t\t\t\t\t\t\t\t\t\t<label for=\"form-field-field_3c59766\" class=\"elementor-field-label\">\n\t\t\t\t\t\t\t\tZeugnisse (als .zip-Datei)\t\t\t\t\t\t\t<\/label>\n\t\t\t\t\t\t\t\t<input type=\"file\" name=\"form_fields[field_3c59766]\" id=\"form-field-field_3c59766\" class=\"elementor-field elementor-size-sm  elementor-upload-field\">\n\n\t\t\t\t\t\t<\/div>\n\t\t\t\t\t\t\t\t<div class=\"elementor-field-type-text elementor-field-group elementor-column elementor-field-group-field_3994c54 elementor-col-100\">\n\t\t\t\t\t\t\t\t\t\t\t\t\t<input size=\"1\" type=\"text\" name=\"form_fields[field_3994c54]\" id=\"form-field-field_3994c54\" class=\"elementor-field elementor-size-sm  elementor-field-textual\" placeholder=\"Ihre Gehaltsvorstellung\">\n\t\t\t\t\t\t\t\t\t\t\t<\/div>\n\t\t\t\t\t\t\t\t<div class=\"elementor-field-type-textarea elementor-field-group elementor-column elementor-field-group-message elementor-col-100\">\n\t\t\t\t\t<textarea class=\"elementor-field-textual elementor-field  elementor-size-sm\" name=\"form_fields[message]\" id=\"form-field-message\" rows=\"4\" placeholder=\"Weitere Bemerkungen\"><\/textarea>\t\t\t\t<\/div>\n\t\t\t\t\t\t\t\t<div class=\"elementor-field-type-acceptance elementor-field-group elementor-column elementor-field-group-field_3e85389 elementor-col-100 elementor-field-required elementor-mark-required\">\n\t\t\t\t\t\t\t<div class=\"elementor-field-subgroup\">\n\t\t\t<span class=\"elementor-field-option\">\n\t\t\t\t<input type=\"checkbox\" name=\"form_fields[field_3e85389]\" id=\"form-field-field_3e85389\" class=\"elementor-field elementor-size-sm  elementor-acceptance-field\" required=\"required\">\n\t\t\t\t<label for=\"form-field-field_3e85389\">Ich kenne die <a href=\"\/datenschutz\" target=\"_blank\" rel=\"noreferrer noopener\">Datenschutzerkl\u00e4rung<\/a> und stimme zu.<\/label>\t\t\t<\/span>\n\t\t<\/div>\n\t\t\t\t\t\t<\/div>\n\t\t\t\t\t\t\t\t<div class=\"elementor-field-group elementor-column elementor-field-type-submit elementor-col-100 e-form__buttons\">\n\t\t\t\t\t<button class=\"elementor-button elementor-size-sm\" type=\"submit\">\n\t\t\t\t\t\t<span class=\"elementor-button-content-wrapper\">\n\t\t\t\t\t\t\t\t\t\t\t\t\t\t\t\t\t\t\t\t\t\t<span class=\"elementor-button-text\">Senden<\/span>\n\t\t\t\t\t\t\t\t\t\t\t\t\t<\/span>\n\t\t\t\t\t<\/button>\n\t\t\t\t<\/div>\n\t\t\t<\/div>\n\t\t<\/form>\n\t\t\t\t\t\t<\/div>\n\t\t\t\t<\/div>\n\t\t\t\t<\/div>\n\t\t\t\t\t<\/div>\n\t\t\t\t<\/div>\n\t\t\t\t<\/div>\n\t\t","protected":false},"excerpt":{"rendered":"<p>Karriere https:\/\/tesimax.de\/wp-content\/uploads\/2023\/10\/Tesimax_job-Anzeige-2023.mov Jobs &amp; Karriere \u2013 Join the team Ab sofort suchen wir Schneider (m\/w\/d) mit Kenntnissen und Erfahrung im Zuschnittsbereich Produktionsmitarbeiter (m\/w\/d)\u200b Ihre Aufgaben: Wir suchen Produktionsmitarbeiter f\u00fcr T\u00e4tigkeiten im Servicebereich, wie z.B. Reinigung und Wartung von Schutzanz\u00fcgen sowie Montagearbeiten. Ihr Profil: Sie verf\u00fcgen \u00fcber gute Deutschkenntnisse\u00a0 Zu Ihren St\u00e4rken z\u00e4hlen Zuverl\u00e4ssigkeit, Flexibilit\u00e4t, Teamf\u00e4higkeit [&hellip;]<\/p>\n","protected":false},"author":1,"featured_media":0,"parent":0,"menu_order":0,"comment_status":"closed","ping_status":"closed","template":"elementor_header_footer","meta":{"_acf_changed":false,"footnotes":""},"class_list":["post-919","page","type-page","status-publish","hentry"],"acf":[],"_links":{"self":[{"href":"https:\/\/tesimax.de\/en\/wp-json\/wp\/v2\/pages\/919","targetHints":{"allow":["GET"]}}],"collection":[{"href":"https:\/\/tesimax.de\/en\/wp-json\/wp\/v2\/pages"}],"about":[{"href":"https:\/\/tesimax.de\/en\/wp-json\/wp\/v2\/types\/page"}],"author":[{"embeddable":true,"href":"https:\/\/tesimax.de\/en\/wp-json\/wp\/v2\/users\/1"}],"replies":[{"embeddable":true,"href":"https:\/\/tesimax.de\/en\/wp-json\/wp\/v2\/comments?post=919"}],"version-history":[{"count":148,"href":"https:\/\/tesimax.de\/en\/wp-json\/wp\/v2\/pages\/919\/revisions"}],"predecessor-version":[{"id":4831,"href":"https:\/\/tesimax.de\/en\/wp-json\/wp\/v2\/pages\/919\/revisions\/4831"}],"wp:attachment":[{"href":"https:\/\/tesimax.de\/en\/wp-json\/wp\/v2\/media?parent=919"}],"curies":[{"name":"wp","href":"https:\/\/api.w.org\/{rel}","templated":true}]}}