{"id":3764,"date":"2024-07-22T12:08:23","date_gmt":"2024-07-22T10:08:23","guid":{"rendered":"https:\/\/tesimax.de\/?page_id=3764"},"modified":"2026-03-26T09:36:13","modified_gmt":"2026-03-26T08:36:13","slug":"next-level-fwek","status":"publish","type":"page","link":"https:\/\/tesimax.de\/en\/next-level-fwek\/","title":{"rendered":"Next Level FWEK"},"content":{"rendered":"\t\t<div data-elementor-type=\"wp-page\" data-elementor-id=\"3764\" class=\"elementor elementor-3764\" data-elementor-post-type=\"page\">\n\t\t\t\t\t\t<section class=\"elementor-section elementor-top-section elementor-element elementor-element-34424ea elementor-section-height-min-height elementor-section-boxed elementor-section-height-default elementor-section-items-middle\" data-id=\"34424ea\" data-element_type=\"section\" data-e-type=\"section\" data-settings=\"{&quot;background_background&quot;:&quot;classic&quot;,&quot;background_motion_fx_motion_fx_scrolling&quot;:&quot;yes&quot;,&quot;background_motion_fx_translateY_effect&quot;:&quot;yes&quot;,&quot;background_motion_fx_translateY_speed&quot;:{&quot;unit&quot;:&quot;px&quot;,&quot;size&quot;:4,&quot;sizes&quot;:[]},&quot;background_motion_fx_translateY_affectedRange&quot;:{&quot;unit&quot;:&quot;%&quot;,&quot;size&quot;:&quot;&quot;,&quot;sizes&quot;:{&quot;start&quot;:0,&quot;end&quot;:100}},&quot;background_motion_fx_devices&quot;:[&quot;desktop&quot;,&quot;laptop&quot;,&quot;tablet_extra&quot;,&quot;tablet&quot;,&quot;mobile&quot;]}\">\n\t\t\t\t\t\t\t<div class=\"elementor-background-overlay\"><\/div>\n\t\t\t\t\t\t\t<div class=\"elementor-container elementor-column-gap-default\">\n\t\t\t\t\t<div class=\"elementor-column elementor-col-100 elementor-top-column elementor-element elementor-element-15d9e7c\" data-id=\"15d9e7c\" data-element_type=\"column\" data-e-type=\"column\">\n\t\t\t<div class=\"elementor-widget-wrap elementor-element-populated\">\n\t\t\t\t\t\t<div class=\"elementor-element elementor-element-e123afc elementor-widget elementor-widget-spacer\" data-id=\"e123afc\" data-element_type=\"widget\" data-e-type=\"widget\" data-widget_type=\"spacer.default\">\n\t\t\t\t<div class=\"elementor-widget-container\">\n\t\t\t\t\t\t\t<div class=\"elementor-spacer\">\n\t\t\t<div class=\"elementor-spacer-inner\"><\/div>\n\t\t<\/div>\n\t\t\t\t\t\t<\/div>\n\t\t\t\t<\/div>\n\t\t\t\t<div class=\"elementor-element elementor-element-12fde46 elementor-widget elementor-widget-heading\" data-id=\"12fde46\" data-element_type=\"widget\" data-e-type=\"widget\" data-widget_type=\"heading.default\">\n\t\t\t\t<div class=\"elementor-widget-container\">\n\t\t\t\t\t<h1 class=\"elementor-heading-title elementor-size-default\">TESIMAX Fachseminar<\/h1>\t\t\t\t<\/div>\n\t\t\t\t<\/div>\n\t\t\t\t\t<\/div>\n\t\t<\/div>\n\t\t\t\t\t<\/div>\n\t\t<\/section>\n\t\t\t\t<section class=\"elementor-section elementor-top-section elementor-element elementor-element-20c1cf3 elementor-section-boxed elementor-section-height-default elementor-section-height-default\" data-id=\"20c1cf3\" data-element_type=\"section\" data-e-type=\"section\" data-settings=\"{&quot;background_background&quot;:&quot;classic&quot;}\">\n\t\t\t\t\t\t<div class=\"elementor-container elementor-column-gap-default\">\n\t\t\t\t\t<div class=\"elementor-column elementor-col-100 elementor-top-column elementor-element elementor-element-6c0d73e\" data-id=\"6c0d73e\" data-element_type=\"column\" data-e-type=\"column\">\n\t\t\t<div class=\"elementor-widget-wrap\">\n\t\t\t\t\t\t\t<\/div>\n\t\t<\/div>\n\t\t\t\t\t<\/div>\n\t\t<\/section>\n\t\t\t\t<section class=\"elementor-section elementor-top-section elementor-element elementor-element-0b6ec60 elementor-section-boxed elementor-section-height-default elementor-section-height-default\" data-id=\"0b6ec60\" data-element_type=\"section\" data-e-type=\"section\" data-settings=\"{&quot;background_background&quot;:&quot;classic&quot;}\">\n\t\t\t\t\t\t\t<div class=\"elementor-background-overlay\"><\/div>\n\t\t\t\t\t\t\t<div class=\"elementor-container elementor-column-gap-default\">\n\t\t\t\t\t<div class=\"elementor-column elementor-col-100 elementor-top-column elementor-element elementor-element-d6c69d7\" data-id=\"d6c69d7\" data-element_type=\"column\" data-e-type=\"column\">\n\t\t\t<div class=\"elementor-widget-wrap elementor-element-populated\">\n\t\t\t\t\t\t<div class=\"elementor-element elementor-element-58fb877 elementor-widget elementor-widget-heading\" data-id=\"58fb877\" data-element_type=\"widget\" data-e-type=\"widget\" data-widget_type=\"heading.default\">\n\t\t\t\t<div class=\"elementor-widget-container\">\n\t\t\t\t\t<h2 class=\"elementor-heading-title elementor-size-default\">TESIMAX Fachseminar: Next Level FWEK.<\/h2>\t\t\t\t<\/div>\n\t\t\t\t<\/div>\n\t\t\t\t<div class=\"elementor-element elementor-element-d50e07d elementor-widget elementor-widget-text-editor\" data-id=\"d50e07d\" data-element_type=\"widget\" data-e-type=\"widget\" data-widget_type=\"text-editor.default\">\n\t\t\t\t<div class=\"elementor-widget-container\">\n\t\t\t\t\t\t\t\t\t<p>Besuchen Sie den Hersteller TESIMAX im Nordschwarzwald (Neuhausen-Steinegg), f\u00fcr eine innovative Schulung f\u00fcr schwer entflammbare Schutzkleidungsfasern. Das Seminar bietet einen einzigartigen Rahmen und Schulungsinhalte, damit Sie die richtige Wahl, auf Basis von technischem Wissen, der Normen Feuerwehr-Schutzkleidung, Nachhaltigkeit und Recycling, f\u00fcr Ihre zuk\u00fcnftige Schutzkleidung treffen k\u00f6nnen (n. DGUV 205-014).<\/p><h3><strong>Das Seminar umfasst folgende Schulungsinhalte:<\/strong><\/h3><ul><li>Faserarten und Fasertechnologie<\/li><li>POLYAMID-IMID TECHNOLOGIE \u2013 Meta-Aramidfaser mit hohem Potenzial<\/li><li>\u00dcbersicht Normen im Bereich Feuerwehr f\u00fcr Einsatz-Schutzkleidung (Innenangriff) nach DIN EN 469 sowie THL-Schutzkleidung nach DIN EN 11612, DIN EN 16689, Waldbrand-Fl\u00e4chenbrandbek\u00e4mpfung DIN EN 15384 und erweitert: Sicht- und Wahrnehmbarkeit nach DGIV 205-020<\/li><li>PFAS: per- und polyfuorierten Chemikalien und Per- und polyfuorierte Alkylverbindungen<\/li><li>Recycling getragener Einsatzbekleidung<\/li><li>Demonstration der entsprechenden Einsatzbekleidung<\/li><li>Praxistraining Zubeh\u00f6r<\/li><li>Gr\u00f6\u00dfenermittlung der FWEK<\/li><li>Wiederaufbereitung der FWEK<\/li><li>Reparaturen der FWEK<\/li><li>Pr\u00fcfung der FWEK<\/li><li>Lagerung der FWEK\u00a0<\/li><\/ul><h3><strong>Das Fachseminar teilt sich in 2 Tagen auf:<\/strong><\/h3><p><strong>Tag 1: Anreise.<\/strong> <br \/>Bei l\u00e4ngeren Anreisen empfiehlt es sich zus\u00e4tzlich das Meet und Greet bei TESIMAX zu buchen, damit wir Ihnen zus\u00e4tzlich die Herstellung modernster Chemikalienschutzkleidung zeigen k\u00f6nnen. Dar\u00fcber hinaus laden wir Sie gerne zum Abendessen ein.<\/p><p><strong>Tag 2: Seminartag<\/strong><br \/>\u2013 Fachseminar-Start: ca. 8:30 Uhr<br \/>\u2013 Produktionsbesichtigung TESIMAX (CSA) <br \/>\u2013 Ende ca. 15:00 Uhr<\/p><h3><strong>Termine 2026: <\/strong><strong>Mittwoch, 30.September<\/strong><\/h3><p><a href=\"https:\/\/tesimax.de\/kontakt\/\">Kontaktieren Sie uns<\/a>\u00a0bei Interesse. Wir helfen Ihnen bei der Organisation.\u00a0<\/p><p><strong>Das TESIMAX TEAM<\/strong><\/p>\t\t\t\t\t\t\t\t<\/div>\n\t\t\t\t<\/div>\n\t\t\t\t\t<\/div>\n\t\t<\/div>\n\t\t\t\t\t<\/div>\n\t\t<\/section>\n\t\t\t\t<\/div>\n\t\t","protected":false},"excerpt":{"rendered":"<p>TESIMAX Fachseminar TESIMAX Fachseminar: Next Level FWEK. Besuchen Sie den Hersteller TESIMAX im Nordschwarzwald (Neuhausen-Steinegg), f\u00fcr eine innovative Schulung f\u00fcr schwer entflammbare Schutzkleidungsfasern. Das Seminar bietet einen einzigartigen Rahmen und Schulungsinhalte, damit Sie die richtige Wahl, auf Basis von technischem Wissen, der Normen Feuerwehr-Schutzkleidung, Nachhaltigkeit und Recycling, f\u00fcr Ihre zuk\u00fcnftige Schutzkleidung treffen k\u00f6nnen (n. DGUV [&hellip;]<\/p>\n","protected":false},"author":1,"featured_media":0,"parent":0,"menu_order":0,"comment_status":"closed","ping_status":"closed","template":"elementor_header_footer","meta":{"_acf_changed":false,"footnotes":""},"class_list":["post-3764","page","type-page","status-publish","hentry"],"acf":[],"_links":{"self":[{"href":"https:\/\/tesimax.de\/en\/wp-json\/wp\/v2\/pages\/3764","targetHints":{"allow":["GET"]}}],"collection":[{"href":"https:\/\/tesimax.de\/en\/wp-json\/wp\/v2\/pages"}],"about":[{"href":"https:\/\/tesimax.de\/en\/wp-json\/wp\/v2\/types\/page"}],"author":[{"embeddable":true,"href":"https:\/\/tesimax.de\/en\/wp-json\/wp\/v2\/users\/1"}],"replies":[{"embeddable":true,"href":"https:\/\/tesimax.de\/en\/wp-json\/wp\/v2\/comments?post=3764"}],"version-history":[{"count":41,"href":"https:\/\/tesimax.de\/en\/wp-json\/wp\/v2\/pages\/3764\/revisions"}],"predecessor-version":[{"id":5168,"href":"https:\/\/tesimax.de\/en\/wp-json\/wp\/v2\/pages\/3764\/revisions\/5168"}],"wp:attachment":[{"href":"https:\/\/tesimax.de\/en\/wp-json\/wp\/v2\/media?parent=3764"}],"curies":[{"name":"wp","href":"https:\/\/api.w.org\/{rel}","templated":true}]}}