{"id":2602,"date":"2022-12-09T10:03:41","date_gmt":"2022-12-09T09:03:41","guid":{"rendered":"https:\/\/tesimax.de\/?page_id=2602"},"modified":"2023-01-19T12:58:06","modified_gmt":"2023-01-19T11:58:06","slug":"impressum","status":"publish","type":"page","link":"https:\/\/tesimax.de\/en\/impressum\/","title":{"rendered":"Impressum"},"content":{"rendered":"<div data-elementor-type=\"wp-page\" data-elementor-id=\"2602\" class=\"elementor elementor-2602\" data-elementor-post-type=\"page\">\n\t\t\t\t\t\t<section class=\"elementor-section elementor-top-section elementor-element elementor-element-6dccbf5 elementor-section-boxed elementor-section-height-default elementor-section-height-default\" data-id=\"6dccbf5\" data-element_type=\"section\" data-e-type=\"section\" data-no-translation=\"\">\n\t\t\t\t\t\t<div class=\"elementor-container elementor-column-gap-default\">\n\t\t\t\t\t<div class=\"elementor-column elementor-col-100 elementor-top-column elementor-element elementor-element-a8df9a6\" data-id=\"a8df9a6\" data-element_type=\"column\" data-e-type=\"column\">\n\t\t\t<div class=\"elementor-widget-wrap elementor-element-populated\">\n\t\t\t\t\t\t<div class=\"elementor-element elementor-element-c51e06f elementor-widget elementor-widget-heading\" data-id=\"c51e06f\" data-element_type=\"widget\" data-e-type=\"widget\" data-widget_type=\"heading.default\">\n\t\t\t\t<div class=\"elementor-widget-container\">\n\t\t\t\t\t<h1 class=\"elementor-heading-title elementor-size-default\">IMPRINT<\/h1>\t\t\t\t<\/div>\n\t\t\t\t<\/div>\n\t\t\t\t<div class=\"elementor-element elementor-element-e900ea9 elementor-widget elementor-widget-text-editor\" data-id=\"e900ea9\" data-element_type=\"widget\" data-e-type=\"widget\" data-widget_type=\"text-editor.default\">\n\t\t\t\t<div class=\"elementor-widget-container\">\n\t\t\t\t\t\t\t\t\t<p>TESIMAX \u2013 Altinger GmbH<br \/>Leimenstra\u00dfe 2<br \/>75242 Neuhausen \u2013 Steinegg<br \/>Germany<\/p><p>Phone: 0049(0)7234 \u2013 94859 \u2013 0<br \/>Fax: 07234 \u2013 94859 \u201399<br \/>E-mail: info@tesimax.de<br \/>URL: www.tesimax.de<br \/>VAT Reg. No.: DE 144201780<\/p><p>Reg. court AG Mannheim, Reg. No. HRB 501085<\/p><h4>Managing Directors:<\/h4><p>Sven Altinger \/ Sabine Egner<\/p><h4>Disclaimer:<\/h4><p>TESIMAX\u2013Altinger GmbH does not guarantee that the information provided on this website is complete, correct or up to date. This applies also for any external web pages linked to either directly or indirectly from this website. TESIMAX\u2013Altinger GmbH is not responsible for the contents of linked external web pages. TESIMAX\u2013Altinger GmbH reserves the right to change or amend the provided information without prior notice.<\/p><p>\u00a9 by TESIMAX \u2013 All rights reserved. The reproduction of all or parts of this website is prohibited without prior written approval from Tesimax.<\/p><p>Photos: je-sign.de, Tesimax\u00ae and suppliers<br \/>Background images: Partly from Fotolia.com (\u00a9 Andreas Meyer, \u00a9 Franz Pfluegl, \u00a9 fux, \u00a9 Michael Schmeling, \u00a9 photo_knutfoppe_evac)<\/p><p>Subject to technical, colour and other changes. All articles are also available individually on request.<\/p><p>Our General Terms and Conditions (Terms) apply.<\/p><p>Conception &amp; Webdesign: Mediendesign Jens Eberhardt, <a href=\"http:\/\/www.je-sign.de\/\" target=\"_blank\" rel=\"noreferrer noopener\">www.je-sign.de<\/a><\/p>\t\t\t\t\t\t\t\t<\/div>\n\t\t\t\t<\/div>\n\t\t\t\t\t<\/div>\n\t\t<\/div>\n\t\t\t\t\t<\/div>\n\t\t<\/section>\n\t\t\t\t<\/div>","protected":false},"excerpt":{"rendered":"<p>IMPRESSUM TESIMAX \u2013 Altinger GmbHLeimenstra\u00dfe 275242 Neuhausen \u2013 Steinegg Telefon: 07234 \u2013 94859 \u2013 0Fax: 07234 \u2013 94859 \u201399Email: info@tesimax.deURL: www.tesimax.deUStID: DE 144201780 Reg.-Gericht AG Mannheim, Nr. HRB 501085 Gesch\u00e4ftsf\u00fchrer: Sven Altinger \/ Sabine Egner Haftungsausschluss: Die Firma TESIMAX \u2013 Altinger GmbH \u00fcbernimmt keine Garantie daf\u00fcr, dass die auf dieser Webseite bereitgestellten Informationen vollst\u00e4ndig, richtig [&hellip;]<\/p>\n","protected":false},"author":1,"featured_media":0,"parent":0,"menu_order":0,"comment_status":"closed","ping_status":"closed","template":"elementor_header_footer","meta":{"_acf_changed":false,"footnotes":""},"class_list":["post-2602","page","type-page","status-publish","hentry"],"acf":[],"_links":{"self":[{"href":"https:\/\/tesimax.de\/en\/wp-json\/wp\/v2\/pages\/2602","targetHints":{"allow":["GET"]}}],"collection":[{"href":"https:\/\/tesimax.de\/en\/wp-json\/wp\/v2\/pages"}],"about":[{"href":"https:\/\/tesimax.de\/en\/wp-json\/wp\/v2\/types\/page"}],"author":[{"embeddable":true,"href":"https:\/\/tesimax.de\/en\/wp-json\/wp\/v2\/users\/1"}],"replies":[{"embeddable":true,"href":"https:\/\/tesimax.de\/en\/wp-json\/wp\/v2\/comments?post=2602"}],"version-history":[{"count":0,"href":"https:\/\/tesimax.de\/en\/wp-json\/wp\/v2\/pages\/2602\/revisions"}],"wp:attachment":[{"href":"https:\/\/tesimax.de\/en\/wp-json\/wp\/v2\/media?parent=2602"}],"curies":[{"name":"wp","href":"https:\/\/api.w.org\/{rel}","templated":true}]}}