{"id":2540,"date":"2022-12-07T19:23:16","date_gmt":"2022-12-07T18:23:16","guid":{"rendered":"https:\/\/tesimax.de\/?page_id=2540"},"modified":"2026-01-23T09:15:46","modified_gmt":"2026-01-23T08:15:46","slug":"geraetewart-lehrgaenge","status":"publish","type":"page","link":"https:\/\/tesimax.de\/en\/geraetewart-lehrgaenge\/","title":{"rendered":"Equipment maintenance courses"},"content":{"rendered":"\t\t<div data-elementor-type=\"wp-page\" data-elementor-id=\"2540\" class=\"elementor elementor-2540\" data-elementor-post-type=\"page\">\n\t\t\t\t\t\t<section class=\"elementor-section elementor-top-section elementor-element elementor-element-34424ea elementor-section-height-min-height elementor-section-boxed elementor-section-height-default elementor-section-items-middle\" data-id=\"34424ea\" data-element_type=\"section\" data-e-type=\"section\" data-settings=\"{&quot;background_background&quot;:&quot;classic&quot;,&quot;background_motion_fx_motion_fx_scrolling&quot;:&quot;yes&quot;,&quot;background_motion_fx_translateY_effect&quot;:&quot;yes&quot;,&quot;background_motion_fx_translateY_speed&quot;:{&quot;unit&quot;:&quot;px&quot;,&quot;size&quot;:4,&quot;sizes&quot;:[]},&quot;background_motion_fx_translateY_affectedRange&quot;:{&quot;unit&quot;:&quot;%&quot;,&quot;size&quot;:&quot;&quot;,&quot;sizes&quot;:{&quot;start&quot;:0,&quot;end&quot;:100}},&quot;background_motion_fx_devices&quot;:[&quot;desktop&quot;,&quot;laptop&quot;,&quot;tablet_extra&quot;,&quot;tablet&quot;,&quot;mobile&quot;]}\">\n\t\t\t\t\t\t\t<div class=\"elementor-background-overlay\"><\/div>\n\t\t\t\t\t\t\t<div class=\"elementor-container elementor-column-gap-default\">\n\t\t\t\t\t<div class=\"elementor-column elementor-col-100 elementor-top-column elementor-element elementor-element-15d9e7c\" data-id=\"15d9e7c\" data-element_type=\"column\" data-e-type=\"column\">\n\t\t\t<div class=\"elementor-widget-wrap elementor-element-populated\">\n\t\t\t\t\t\t<div class=\"elementor-element elementor-element-e123afc elementor-widget elementor-widget-spacer\" data-id=\"e123afc\" data-element_type=\"widget\" data-e-type=\"widget\" data-widget_type=\"spacer.default\">\n\t\t\t\t<div class=\"elementor-widget-container\">\n\t\t\t\t\t\t\t<div class=\"elementor-spacer\">\n\t\t\t<div class=\"elementor-spacer-inner\"><\/div>\n\t\t<\/div>\n\t\t\t\t\t\t<\/div>\n\t\t\t\t<\/div>\n\t\t\t\t<div class=\"elementor-element elementor-element-12fde46 elementor-widget elementor-widget-heading\" data-id=\"12fde46\" data-element_type=\"widget\" data-e-type=\"widget\" data-widget_type=\"heading.default\">\n\t\t\t\t<div class=\"elementor-widget-container\">\n\t\t\t\t\t<h1 class=\"elementor-heading-title elementor-size-default\">Ger\u00e4tewart-Lehrg\u00e4nge 2026<\/h1>\t\t\t\t<\/div>\n\t\t\t\t<\/div>\n\t\t\t\t\t<\/div>\n\t\t<\/div>\n\t\t\t\t\t<\/div>\n\t\t<\/section>\n\t\t\t\t<section class=\"elementor-section elementor-top-section elementor-element elementor-element-20c1cf3 elementor-section-boxed elementor-section-height-default elementor-section-height-default\" data-id=\"20c1cf3\" data-element_type=\"section\" data-e-type=\"section\" data-settings=\"{&quot;background_background&quot;:&quot;classic&quot;}\">\n\t\t\t\t\t\t<div class=\"elementor-container elementor-column-gap-default\">\n\t\t\t\t\t<div class=\"elementor-column elementor-col-100 elementor-top-column elementor-element elementor-element-6c0d73e\" data-id=\"6c0d73e\" data-element_type=\"column\" data-e-type=\"column\">\n\t\t\t<div class=\"elementor-widget-wrap\">\n\t\t\t\t\t\t\t<\/div>\n\t\t<\/div>\n\t\t\t\t\t<\/div>\n\t\t<\/section>\n\t\t\t\t<section class=\"elementor-section elementor-top-section elementor-element elementor-element-0b6ec60 elementor-section-boxed elementor-section-height-default elementor-section-height-default\" data-id=\"0b6ec60\" data-element_type=\"section\" data-e-type=\"section\" data-settings=\"{&quot;background_background&quot;:&quot;classic&quot;}\">\n\t\t\t\t\t\t\t<div class=\"elementor-background-overlay\"><\/div>\n\t\t\t\t\t\t\t<div class=\"elementor-container elementor-column-gap-default\">\n\t\t\t\t\t<div class=\"elementor-column elementor-col-100 elementor-top-column elementor-element elementor-element-d6c69d7\" data-id=\"d6c69d7\" data-element_type=\"column\" data-e-type=\"column\">\n\t\t\t<div class=\"elementor-widget-wrap elementor-element-populated\">\n\t\t\t\t\t\t<div class=\"elementor-element elementor-element-f450a1d elementor-widget elementor-widget-heading\" data-id=\"f450a1d\" data-element_type=\"widget\" data-e-type=\"widget\" data-widget_type=\"heading.default\">\n\t\t\t\t<div class=\"elementor-widget-container\">\n\t\t\t\t\t<h3 class=\"elementor-heading-title elementor-size-default\">Veranstaltungsdaten 2026:<\/h3>\t\t\t\t<\/div>\n\t\t\t\t<\/div>\n\t\t\t\t<div class=\"elementor-element elementor-element-2883f3d elementor-widget elementor-widget-text-editor\" data-id=\"2883f3d\" data-element_type=\"widget\" data-e-type=\"widget\" data-widget_type=\"text-editor.default\">\n\t\t\t\t<div class=\"elementor-widget-container\">\n\t\t\t\t\t\t\t\t\t<p><strong>Veranstaltungsort 1<\/strong> (erster Veranstaltungstag Vormittag):<br \/>Hohenwart Forum GmbH, <a href=\"https:\/\/www.google.com\/maps\/search\/Sch%C3%B6nbornstr.+25,+75181+Pforzheim-Hohenwart?entry=gmail&amp;source=g\">Sch\u00f6nbornstr. 25, 75181 Pforzheim-Hohenwart<\/a> (Theorie)<\/p><p><strong>Veranstaltungsort 2<\/strong> (erster Veranstaltungstag ab Nachmittags und zweiter Tag):<br \/>Landhotel Gr\u00fcner Wald, Hauptstra\u00dfe 3\/2, 75242 Neuhausen-Hamberg (H-Tech Geb\u00e4ude &#8211; Praxis)<\/p><p>Die Kurse finden jeweils Dienstag\/Mittwoch an folgenden Terminen statt:<\/p><p>03.-04. Februar 2026<br \/>10.-11. M\u00e4rz 2026<br \/>14.-15. April 2026<br \/>05.-06. Mai 2026<br \/>23.-24. Juni 2026<br \/>14.-15. Juli 2026<br \/>22.-23. September 2026<br \/>27.-28. Oktober 2026<\/p><p>\u00a0<\/p><p>Bitte melden Sie sich rechtzeitig an, um sich noch einen freien Platz zu sichern.<\/p><p><strong>Bei Interesse an einer \u00dcbernachtungsm\u00f6glichkeit:<\/strong><\/p><p>Wir blocken f\u00fcr unsere Kunden jeweils ein Kontingent an Hotelzimmern direkt am Veranstaltungsort.<br \/>Bei Interesse wenden Sie sich gerne mit Ihrer Buchung direkt an das Hotel unter &#8222;<a href=\"mailto:hotel@gruenerwald.de\">hotel@gruenerwald.de<\/a>&#8220; mit dem Stichwort &#8222;Tesimax-Event&#8220;.<br \/>Die Zimmer k\u00f6nnen bis sp\u00e4testens 2 Wochen vor Lehrgangsbeginn gebucht werden.<\/p>\t\t\t\t\t\t\t\t<\/div>\n\t\t\t\t<\/div>\n\t\t\t\t<div class=\"elementor-element elementor-element-8360ebc elementor-widget elementor-widget-text-editor\" data-id=\"8360ebc\" data-element_type=\"widget\" data-e-type=\"widget\" data-widget_type=\"text-editor.default\">\n\t\t\t\t<div class=\"elementor-widget-container\">\n\t\t\t\t\t\t\t\t\t<section><div class=\"container\"><article>Die theoretische und praktische Ausbildung umfasst folgende Gebiete:<\/article><article><p>Praktische Wartungsarbeiten an Chemikalienschutzanz\u00fcgen (CSA)<br \/>Handschuh-, Stiefel-, Ventil- und Sichtscheibenwechsel Nahtabdichtungsarbeiten, Reinigung, Desinfektion und Trocknung von CSA.<\/p><p>Pr\u00fcfung der Schutzanz\u00fcge gem\u00e4\u00df EN 943 und nach Hersteller-Methoden; Sachgem\u00e4\u00dfe Lagerung; Einsatzbereitschaft der Anz\u00fcge; Anlegen der CSA sowie Tragepraxis.<\/p><p>Beginn am ersten Lehrgangstag ca. 9.30 Uhr, Ende am zweiten Lehrgangstag sp\u00e4testens gegen 14.00 Uhr.<\/p><p>Dieser Kurs ist alle 3 Jahre zu wiederholen.<\/p><\/article><\/div><\/section>\t\t\t\t\t\t\t\t<\/div>\n\t\t\t\t<\/div>\n\t\t\t\t<div class=\"elementor-element elementor-element-514d4f0 elementor-widget elementor-widget-heading\" data-id=\"514d4f0\" data-element_type=\"widget\" data-e-type=\"widget\" data-widget_type=\"heading.default\">\n\t\t\t\t<div class=\"elementor-widget-container\">\n\t\t\t\t\t<h3 class=\"elementor-heading-title elementor-size-default\">Anmeldung:<\/h3>\t\t\t\t<\/div>\n\t\t\t\t<\/div>\n\t\t\t\t<div class=\"elementor-element elementor-element-139ff13 elementor-widget elementor-widget-text-editor\" data-id=\"139ff13\" data-element_type=\"widget\" data-e-type=\"widget\" data-widget_type=\"text-editor.default\">\n\t\t\t\t<div class=\"elementor-widget-container\">\n\t\t\t\t\t\t\t\t\t<section><div class=\"container\"><article><p>Kontaktieren Sie uns direkt (TESIMAX Altinger GmbH, T <a class=\"tel\" href=\"tel:+49(0)7234-948590\">+49(0)7234-948590<\/a> \/ <a class=\"mailto\" href=\"mailto:tanja.huebner@tesimax.de\">tanja.huebner@tesimax.de<\/a>)<\/p><\/article><\/div><\/section>\t\t\t\t\t\t\t\t<\/div>\n\t\t\t\t<\/div>\n\t\t\t\t\t<\/div>\n\t\t<\/div>\n\t\t\t\t\t<\/div>\n\t\t<\/section>\n\t\t\t\t<\/div>\n\t\t","protected":false},"excerpt":{"rendered":"<p>Ger\u00e4tewart-Lehrg\u00e4nge 2026 Veranstaltungsdaten 2026: Veranstaltungsort 1 (erster Veranstaltungstag Vormittag):Hohenwart Forum GmbH, Sch\u00f6nbornstr. 25, 75181 Pforzheim-Hohenwart (Theorie) Veranstaltungsort 2 (erster Veranstaltungstag ab Nachmittags und zweiter Tag):Landhotel Gr\u00fcner Wald, Hauptstra\u00dfe 3\/2, 75242 Neuhausen-Hamberg (H-Tech Geb\u00e4ude &#8211; Praxis) Die Kurse finden jeweils Dienstag\/Mittwoch an folgenden Terminen statt: 03.-04. Februar 202610.-11. M\u00e4rz 202614.-15. April 202605.-06. Mai 202623.-24. Juni 202614.-15. [&hellip;]<\/p>\n","protected":false},"author":1,"featured_media":0,"parent":0,"menu_order":0,"comment_status":"closed","ping_status":"closed","template":"elementor_header_footer","meta":{"_acf_changed":false,"footnotes":""},"class_list":["post-2540","page","type-page","status-publish","hentry"],"acf":[],"_links":{"self":[{"href":"https:\/\/tesimax.de\/en\/wp-json\/wp\/v2\/pages\/2540","targetHints":{"allow":["GET"]}}],"collection":[{"href":"https:\/\/tesimax.de\/en\/wp-json\/wp\/v2\/pages"}],"about":[{"href":"https:\/\/tesimax.de\/en\/wp-json\/wp\/v2\/types\/page"}],"author":[{"embeddable":true,"href":"https:\/\/tesimax.de\/en\/wp-json\/wp\/v2\/users\/1"}],"replies":[{"embeddable":true,"href":"https:\/\/tesimax.de\/en\/wp-json\/wp\/v2\/comments?post=2540"}],"version-history":[{"count":56,"href":"https:\/\/tesimax.de\/en\/wp-json\/wp\/v2\/pages\/2540\/revisions"}],"predecessor-version":[{"id":5087,"href":"https:\/\/tesimax.de\/en\/wp-json\/wp\/v2\/pages\/2540\/revisions\/5087"}],"wp:attachment":[{"href":"https:\/\/tesimax.de\/en\/wp-json\/wp\/v2\/media?parent=2540"}],"curies":[{"name":"wp","href":"https:\/\/api.w.org\/{rel}","templated":true}]}}